{"id":38,"date":"2017-05-12T08:01:48","date_gmt":"2017-05-12T06:01:48","guid":{"rendered":"http:\/\/www.lous-laedchen.de\/?page_id=38"},"modified":"2025-03-16T20:19:14","modified_gmt":"2025-03-16T19:19:14","slug":"kontakt","status":"publish","type":"page","link":"https:\/\/www.lous-laedchen.de\/index.php\/kontakt\/","title":{"rendered":"Impressum"},"content":{"rendered":"<p>Andreas Magnus<\/p>\n<p>Geschwisterstra\u00dfe 2<\/p>\n<p>45701 Herten<\/p>\n<p>Tel: +49 209 15754449<\/p>\n<p>Fax: +49 209 15758489<\/p>\n<p>Email: Kontakt@lous-laedchen.de<\/p>\n<h1>Datenschutzerkl\u00e4rung<\/h1>\n<p>Verantwortliche Stelle im Sinne der Datenschutzgesetze ist:<\/p>\n<p>Andreas Magnus<\/p>\n<p>Geschwisterstra\u00dfe 2<\/p>\n<p>45701 Herten<\/p>\n<p>Tel: +49 209 15754449<\/p>\n<p>Fax: +49 209 15758489<\/p>\n<p>Email: Kontakt@lous-laedchen.de<\/p>\n<h2><strong>Speicherung von Daten<\/strong><\/h2>\n<p>Wir speichern keine Personenbezogenen Daten (IP-Adresse etc.),<\/p>\n<p>auch nicht in Logfiles.<\/p>\n<h2>Cookies<\/h2>\n<p>Wie viele andere Webseiten verwenden wir auch so genannte \u201eCookies\u201c. Cookies sind kleine Textdateien, die von einem Webseitenserver auf Ihre Festplatte \u00fcbertragen werden. Hierdurch erhalten wir automatisch bestimmte Daten wie z. B. IP-Adresse, verwendeter Browser, Betriebssystem \u00fcber Ihren Computer und Ihre Verbindung zum Internet.<\/p>\n<p>Cookies k\u00f6nnen nicht verwendet werden, um Programme zu starten oder Viren auf einen Computer zu \u00fcbertragen. Anhand der in Cookies enthaltenen Informationen k\u00f6nnen wir Ihnen die Navigation erleichtern und die korrekte Anzeige unserer Webseiten erm\u00f6glichen.<\/p>\n<p>In keinem Fall werden die von uns erfassten Daten an Dritte weitergegeben oder ohne Ihre Einwilligung eine Verkn\u00fcpfung mit personenbezogenen Daten hergestellt.<\/p>\n<p>Nat\u00fcrlich k\u00f6nnen Sie unsere Website grunds\u00e4tzlich auch ohne Cookies betrachten. Internet-Browser sind regelm\u00e4\u00dfig so eingestellt, dass sie Cookies akzeptieren. Sie k\u00f6nnen die Verwendung von Cookies jederzeit \u00fcber die Einstellungen Ihres Browsers deaktivieren. Bitte verwenden Sie die Hilfefunktionen Ihres Internetbrowsers, um zu erfahren, wie Sie diese Einstellungen \u00e4ndern k\u00f6nnen. Bitte beachten Sie, dass einzelne Funktionen unserer Website m\u00f6glicherweise nicht funktionieren, wenn Sie die Verwendung von Cookies deaktiviert haben.<\/p>\n<h2>SSL-Verschl\u00fcsselung<\/h2>\n<p>Um die Sicherheit Ihrer Daten bei der \u00dcbertragung zu sch\u00fctzen, verwenden wir dem aktuellen Stand der Technik entsprechende Verschl\u00fcsselungsverfahren (z. B. SSL) \u00fcber HTTPS.<\/p>\n<h2><strong>\u00c4nderung unserer Datenschutzbestimmungen<\/strong><\/h2>\n<p>Wir behalten uns vor, diese Datenschutzerkl\u00e4rung gelegentlich anzupassen, damit sie stets den aktuellen rechtlichen Anforderungen entspricht oder um \u00c4nderungen unserer Leistungen in der Datenschutzerkl\u00e4rung umzusetzen, z. B. bei der Einf\u00fchrung neuer Services. F\u00fcr Ihren erneuten Besuch gilt dann die neue Datenschutzerkl\u00e4rung.<\/p>\n<h2><strong>Fragen an den Datenschutzbeauftragten<\/strong><\/h2>\n<p>Wenn Sie Fragen zum Datenschutz haben, schreiben Sie uns bitte eine E-Mail.<\/p>\n<p><em>Die Datenschutzerkl\u00e4rung wurde mit dem <\/em><a href=\"https:\/\/www.activemind.de\/datenschutz\/datenschutzhinweis-generator\/\"><em>Datenschutzerkl\u00e4rungs-Generator der activeMind AG erstellt und einige Punkte angepasst<\/em><\/a><em>.<\/em><\/p>\n","protected":false},"excerpt":{"rendered":"<p>Andreas Magnus Geschwisterstra\u00dfe 2 45701 Herten Tel: +49 209 15754449 Fax: +49 209 15758489 Email: Kontakt@lous-laedchen.de Datenschutzerkl\u00e4rung Verantwortliche Stelle im Sinne der Datenschutzgesetze ist: Andreas Magnus Geschwisterstra\u00dfe 2 45701 Herten Tel: +49 209 15754449 Fax: +49 209 15758489 Email: Kontakt@lous-laedchen.de Speicherung von Daten Wir speichern keine Personenbezogenen Daten (IP-Adresse etc.), auch nicht in Logfiles. Cookies &hellip; <\/p>\n<p class=\"link-more\"><a href=\"https:\/\/www.lous-laedchen.de\/index.php\/kontakt\/\" class=\"more-link\"><span class=\"screen-reader-text\">\u201eImpressum\u201c<\/span> weiterlesen<\/a><\/p>\n","protected":false},"author":1,"featured_media":0,"parent":0,"menu_order":0,"comment_status":"closed","ping_status":"closed","template":"","meta":{"footnotes":""},"class_list":["post-38","page","type-page","status-publish","hentry"],"_links":{"self":[{"href":"https:\/\/www.lous-laedchen.de\/index.php\/wp-json\/wp\/v2\/pages\/38"}],"collection":[{"href":"https:\/\/www.lous-laedchen.de\/index.php\/wp-json\/wp\/v2\/pages"}],"about":[{"href":"https:\/\/www.lous-laedchen.de\/index.php\/wp-json\/wp\/v2\/types\/page"}],"author":[{"embeddable":true,"href":"https:\/\/www.lous-laedchen.de\/index.php\/wp-json\/wp\/v2\/users\/1"}],"replies":[{"embeddable":true,"href":"https:\/\/www.lous-laedchen.de\/index.php\/wp-json\/wp\/v2\/comments?post=38"}],"version-history":[{"count":6,"href":"https:\/\/www.lous-laedchen.de\/index.php\/wp-json\/wp\/v2\/pages\/38\/revisions"}],"predecessor-version":[{"id":218,"href":"https:\/\/www.lous-laedchen.de\/index.php\/wp-json\/wp\/v2\/pages\/38\/revisions\/218"}],"wp:attachment":[{"href":"https:\/\/www.lous-laedchen.de\/index.php\/wp-json\/wp\/v2\/media?parent=38"}],"curies":[{"name":"wp","href":"https:\/\/api.w.org\/{rel}","templated":true}]}}